{"id":44728,"date":"2021-02-03T18:06:32","date_gmt":"2021-02-03T18:06:32","guid":{"rendered":"https:\/\/muscarz.com\/vendu\/"},"modified":"2021-02-03T18:06:32","modified_gmt":"2021-02-03T18:06:32","slug":"vendu","status":"publish","type":"page","link":"https:\/\/muscarz.com\/fr\/vendu\/","title":{"rendered":"Vendu"},"content":{"rendered":"\t\t<div data-elementor-type=\"wp-page\" data-elementor-id=\"44728\" class=\"elementor elementor-44728 elementor-18058\" data-elementor-post-type=\"page\">\n\t\t\t\t\t\t<section class=\"elementor-section elementor-top-section elementor-element elementor-element-817f1a2 elementor-section-boxed elementor-section-height-default elementor-section-height-default\" data-id=\"817f1a2\" data-element_type=\"section\">\n\t\t\t\t\t\t<div class=\"elementor-container elementor-column-gap-default\">\n\t\t\t\t\t<div class=\"elementor-column elementor-col-100 elementor-top-column elementor-element elementor-element-c8be628\" data-id=\"c8be628\" data-element_type=\"column\">\n\t\t\t<div class=\"elementor-widget-wrap elementor-element-populated\">\n\t\t\t\t\t\t<div class=\"elementor-element elementor-element-ad61e09 elementor-widget elementor-widget-spacer\" data-id=\"ad61e09\" data-element_type=\"widget\" data-widget_type=\"spacer.default\">\n\t\t\t\t\t\t\t<div class=\"elementor-spacer\">\n\t\t\t<div class=\"elementor-spacer-inner\"><\/div>\n\t\t<\/div>\n\t\t\t\t\t\t<\/div>\n\t\t\t\t<div class=\"elementor-element elementor-element-e947285 elementor-widget elementor-widget-heading\" data-id=\"e947285\" data-element_type=\"widget\" data-widget_type=\"heading.default\">\n\t\t\t\t\t<h1 class=\"elementor-heading-title elementor-size-default\">Sold<\/h1>\t\t\t\t<\/div>\n\t\t\t\t<div class=\"elementor-element elementor-element-1acd093 elementor-widget elementor-widget-spacer\" data-id=\"1acd093\" data-element_type=\"widget\" data-widget_type=\"spacer.default\">\n\t\t\t\t\t\t\t<div class=\"elementor-spacer\">\n\t\t\t<div class=\"elementor-spacer-inner\"><\/div>\n\t\t<\/div>\n\t\t\t\t\t\t<\/div>\n\t\t\t\t<div class=\"elementor-element elementor-element-5d67286 elementor-widget elementor-widget-spacer\" data-id=\"5d67286\" data-element_type=\"widget\" data-widget_type=\"spacer.default\">\n\t\t\t\t\t\t\t<div class=\"elementor-spacer\">\n\t\t\t<div class=\"elementor-spacer-inner\"><\/div>\n\t\t<\/div>\n\t\t\t\t\t\t<\/div>\n\t\t\t\t\t<\/div>\n\t\t<\/div>\n\t\t\t\t\t<\/div>\n\t\t<\/section>\n\t\t\t\t<\/div>\n\t\t","protected":false},"excerpt":{"rendered":"<p>Vendu Comparez Vendu 6 Ford Mustang Fastback coup\u00e9 2 portes bleu $43,000 2019 40,000 miles Automatique Diesel Propulsion arri\u00e8re Comparez Vendu 6 Ferrari Portofino d\u00e9capotable 2 portes rouge $14,400 2020 70,000 miles Semi-Automatique Diesel AWD\/4WD Comparez Vendu 6 BMW 6-serie GT 5-door hatchback white $45,000 2021 Semi-Automatique Essence Propulsion arri\u00e8re Comparez Vendu 6 Bentley Continental [&hellip;]<\/p>\n","protected":false},"author":1,"featured_media":0,"parent":0,"menu_order":0,"comment_status":"closed","ping_status":"closed","template":"","meta":{"_acf_changed":false,"footnotes":""},"class_list":["post-44728","page","type-page","status-publish","hentry"],"acf":[],"_links":{"self":[{"href":"https:\/\/muscarz.com\/fr\/wp-json\/wp\/v2\/pages\/44728","targetHints":{"allow":["GET"]}}],"collection":[{"href":"https:\/\/muscarz.com\/fr\/wp-json\/wp\/v2\/pages"}],"about":[{"href":"https:\/\/muscarz.com\/fr\/wp-json\/wp\/v2\/types\/page"}],"author":[{"embeddable":true,"href":"https:\/\/muscarz.com\/fr\/wp-json\/wp\/v2\/users\/1"}],"replies":[{"embeddable":true,"href":"https:\/\/muscarz.com\/fr\/wp-json\/wp\/v2\/comments?post=44728"}],"version-history":[{"count":0,"href":"https:\/\/muscarz.com\/fr\/wp-json\/wp\/v2\/pages\/44728\/revisions"}],"wp:attachment":[{"href":"https:\/\/muscarz.com\/fr\/wp-json\/wp\/v2\/media?parent=44728"}],"curies":[{"name":"wp","href":"https:\/\/api.w.org\/{rel}","templated":true}]}}