{"id":44748,"date":"2020-07-06T15:35:57","date_gmt":"2020-07-06T15:35:57","guid":{"rendered":"https:\/\/muscarz.com\/calculatrice-de-pret\/"},"modified":"2020-07-06T15:35:57","modified_gmt":"2020-07-06T15:35:57","slug":"calculatrice-de-pret","status":"publish","type":"page","link":"https:\/\/muscarz.com\/fr\/calculatrice-de-pret\/","title":{"rendered":"Calculatrice de pr\u00eat"},"content":{"rendered":"\t\t<div data-elementor-type=\"wp-page\" data-elementor-id=\"44748\" class=\"elementor elementor-44748 elementor-12464\" data-elementor-post-type=\"page\">\n\t\t\t\t\t\t<section class=\"elementor-section elementor-top-section elementor-element elementor-element-be4c023 elementor-section-boxed elementor-section-height-default elementor-section-height-default\" data-id=\"be4c023\" data-element_type=\"section\">\n\t\t\t\t\t\t<div class=\"elementor-container elementor-column-gap-default\">\n\t\t\t\t\t<div class=\"elementor-column elementor-col-100 elementor-top-column elementor-element elementor-element-ff5ae5e\" data-id=\"ff5ae5e\" data-element_type=\"column\">\n\t\t\t<div class=\"elementor-widget-wrap elementor-element-populated\">\n\t\t\t\t\t\t<div class=\"elementor-element elementor-element-b2fdcac elementor-widget elementor-widget-spacer\" data-id=\"b2fdcac\" data-element_type=\"widget\" data-widget_type=\"spacer.default\">\n\t\t\t\t\t\t\t<div class=\"elementor-spacer\">\n\t\t\t<div class=\"elementor-spacer-inner\"><\/div>\n\t\t<\/div>\n\t\t\t\t\t\t<\/div>\n\t\t\t\t<div class=\"elementor-element elementor-element-459e4e0 elementor-widget elementor-widget-vehica_loan_calculator_general_widget\" data-id=\"459e4e0\" data-element_type=\"widget\" data-widget_type=\"vehica_loan_calculator_general_widget.default\">\n\t\t\t\t<div class=\"elementor-widget-container\">\n\t\t\t\t\t<div class=\"vehica-app\">\n    <vehica-loan-calculator\n            widget-id=\"459e4e0\"\n            decimal-separator=\".\"\n            thousands-separator=\",\"\n            :price-decimal-places=\"0\"\n            price-decimal-separator=\"\"\n            price-thousands-separator=\",\"\n            :round-to-integer=\"false\"\n    >\n        <div slot-scope=\"props\" class=\"vehica-loan-calculator\">\n            <div class=\"vehica-loan-calculator__title\">\n                Loan Calculator            <\/div>\n\n                            <div class=\"vehica-loan-calculator__subtitle\">\n                    <p data-start=\"118\" data-end=\"502\">Use our <a href=\"https:\/\/muscarz.com\/loan-calculator\/\">loan calculator<\/a> to estimate your monthly payments for financing your dream <a href=\"http:\/\/Vinforless.com\" target=\"_blank\" rel=\"noopener\">American muscle car in the UAE<\/a>. Simply enter your loan amount, down payment, loan term, and interest rate to see how different factors affect your payments. Adjust the length of your loan, down payment, and interest rate to find the best plan that fits your budget when purchasing <a href=\"https:\/\/muscarz.com\/search\/?make=ford&amp;model=mustang\">muscle cars UAE<\/a>.<\/p>                <\/div>\n            \n            <form @submit.prevent=\"props.onCalculate\">\n                <div class=\"vehica-loan-calculator__fields\">\n                    <div class=\"vehica-loan-calculator__fields__inner\">\n                        <div class=\"vehica-loan-calculator__field-wrapper\">\n                            <h4>\n                                Price                                <span class=\"vehica-text-primary\">*<\/span>\n                            <\/h4>\n\n                            <div class=\"vehica-loan-calculator__field\">\n                                <div class=\"vehica-loan-calculator__sign\">\n                                    <i class=\"fas fa-tag\"><\/i>\n                                <\/div>\n\n                                <input\n                                        id=\"vehica-459e4e0-loan-calculator__price\"\n                                        type=\"text\"\n                                                                    >\n                            <\/div>\n                        <\/div>\n\n                        <div class=\"vehica-loan-calculator__field-wrapper\">\n                            <h4>\n                                Interest Rate                                <span class=\"vehica-text-primary\">*<\/span>\n                            <\/h4>\n\n                            <div class=\"vehica-loan-calculator__field\">\n                                <div class=\"vehica-loan-calculator__sign\">\n                                    %                                <\/div>\n\n                                <input\n                                        id=\"vehica-459e4e0-loan-calculator__rate\"\n                                        type=\"text\"\n                                        value=\"5\"\n                                >\n                            <\/div>\n                        <\/div>\n\n                        <div class=\"vehica-loan-calculator__field-wrapper\">\n                            <h4>Period (months)                                <span class=\"vehica-text-primary\">*<\/span>\n                            <\/h4>\n\n                            <div class=\"vehica-loan-calculator__field\">\n                                <div class=\"vehica-loan-calculator__sign\">\n                                    <i class=\"far fa-calendar-alt\"><\/i>\n                                <\/div>\n\n                                <input\n                                        id=\"vehica-459e4e0-loan-calculator__months\"\n                                        type=\"text\"\n                                        value=\"36\"\n                                >\n                            <\/div>\n                        <\/div>\n\n                        <div class=\"vehica-loan-calculator__field-wrapper\">\n                            <h4>Down Payment<\/h4>\n\n                            <div class=\"vehica-loan-calculator__field\">\n                                <div class=\"vehica-loan-calculator__sign\">\n                                    \u062f.\u0625                                <\/div>\n\n                                <input\n                                        id=\"vehica-459e4e0-loan-calculator__contribution\"\n                                        type=\"text\"\n                                                                    >\n                            <\/div>\n                        <\/div>\n                    <\/div>\n                <\/div>\n            <\/form>\n\n            <div>\n                <div class=\"vehica-loan-calculator__separator\"><\/div>\n\n                <div class=\"vehica-loan-calculator__results--wrapper\">\n                    <div class=\"vehica-loan-calculator__results\">\n                        <div class=\"vehica-loan-calculator__results__col\">\n                            <h3>Monthly Payment<\/h3>\n                            <h4 v-if=\"!props.showResults\">-<\/h4>\n                            <template>\n                                <h4 v-if=\"props.showResults\">{{ props.installment }}<\/h4>\n                            <\/template>\n                        <\/div>\n\n                        <div class=\"vehica-loan-calculator__results__col\">\n                            <h3>Total Interest<\/h3>\n                            <h4 v-if=\"!props.showResults\">-<\/h4>\n                            <template>\n                                <h4 v-if=\"props.showResults\">{{ props.interest }}<\/h4>\n                            <\/template>\n                        <\/div>\n\n                        <div class=\"vehica-loan-calculator__results__col\">\n                            <h3>Total Payments<\/h3>\n                            <h4 v-if=\"!props.showResults\">-<\/h4>\n                            <template>\n                                <h4 v-if=\"props.showResults\">\n                                    {{ props.total }}\n                                <\/h4>\n                            <\/template>\n                        <\/div>\n                    <\/div>\n                <\/div>\n                                    <div class=\"vehica-loan-calculator__end-text\">\n                        <p data-start=\"121\" data-end=\"439\">Title fees, additional charges, and incentives are not included in this estimate, which is for informational purposes only. Monthly payment calculations do not represent a financing offer from the seller of the <a href=\"https:\/\/muscarz.com\/search\/?make=chevrolet&amp;model=camaro\">American muscle<\/a> <a href=\"https:\/\/muscarz.com\/search\/?make=ford&amp;model=mustang-gt\">cars UAE<\/a> listed. Other taxes and fees may apply depending on your location and vehicle.<\/p>                    <\/div>\n                            <\/div>\n        <\/div>\n    <\/vehica-loan-calculator>\n<\/div>\t\t\t\t<\/div>\n\t\t\t\t<\/div>\n\t\t\t\t<div class=\"elementor-element elementor-element-1607bc3 elementor-widget elementor-widget-spacer\" data-id=\"1607bc3\" data-element_type=\"widget\" data-widget_type=\"spacer.default\">\n\t\t\t\t\t\t\t<div class=\"elementor-spacer\">\n\t\t\t<div class=\"elementor-spacer-inner\"><\/div>\n\t\t<\/div>\n\t\t\t\t\t\t<\/div>\n\t\t\t\t\t<\/div>\n\t\t<\/div>\n\t\t\t\t\t<\/div>\n\t\t<\/section>\n\t\t\t\t<\/div>\n\t\t","protected":false},"excerpt":{"rendered":"<p>Calculatrice de pr\u00eat Utilisez notre calculatrice de pr\u00eat pour estimer vos mensualit\u00e9s pour le financement de la muscle car am\u00e9ricaine de vos r\u00eaves aux \u00c9mirats arabes unis. Entrez simplement le montant de votre pr\u00eat, l&rsquo;acompte, la dur\u00e9e du pr\u00eat et le taux d&rsquo;int\u00e9r\u00eat pour voir comment les diff\u00e9rents facteurs affectent vos paiements. Ajustez la dur\u00e9e [&hellip;]<\/p>\n","protected":false},"author":1,"featured_media":0,"parent":0,"menu_order":0,"comment_status":"closed","ping_status":"closed","template":"","meta":{"_acf_changed":false,"footnotes":""},"class_list":["post-44748","page","type-page","status-publish","hentry"],"acf":[],"_links":{"self":[{"href":"https:\/\/muscarz.com\/fr\/wp-json\/wp\/v2\/pages\/44748","targetHints":{"allow":["GET"]}}],"collection":[{"href":"https:\/\/muscarz.com\/fr\/wp-json\/wp\/v2\/pages"}],"about":[{"href":"https:\/\/muscarz.com\/fr\/wp-json\/wp\/v2\/types\/page"}],"author":[{"embeddable":true,"href":"https:\/\/muscarz.com\/fr\/wp-json\/wp\/v2\/users\/1"}],"replies":[{"embeddable":true,"href":"https:\/\/muscarz.com\/fr\/wp-json\/wp\/v2\/comments?post=44748"}],"version-history":[{"count":0,"href":"https:\/\/muscarz.com\/fr\/wp-json\/wp\/v2\/pages\/44748\/revisions"}],"wp:attachment":[{"href":"https:\/\/muscarz.com\/fr\/wp-json\/wp\/v2\/media?parent=44748"}],"curies":[{"name":"wp","href":"https:\/\/api.w.org\/{rel}","templated":true}]}}