{"id":44824,"date":"2021-02-03T18:06:32","date_gmt":"2021-02-03T18:06:32","guid":{"rendered":"https:\/\/muscarz.com\/sprzedany\/"},"modified":"2021-02-03T18:06:32","modified_gmt":"2021-02-03T18:06:32","slug":"sprzedany","status":"publish","type":"page","link":"https:\/\/muscarz.com\/pl\/sprzedany\/","title":{"rendered":"Sprzedany"},"content":{"rendered":"\t\t<div data-elementor-type=\"wp-page\" data-elementor-id=\"44824\" class=\"elementor elementor-44824 elementor-18058\" data-elementor-post-type=\"page\">\n\t\t\t\t\t\t<section class=\"elementor-section elementor-top-section elementor-element elementor-element-817f1a2 elementor-section-boxed elementor-section-height-default elementor-section-height-default\" data-id=\"817f1a2\" data-element_type=\"section\">\n\t\t\t\t\t\t<div class=\"elementor-container elementor-column-gap-default\">\n\t\t\t\t\t<div class=\"elementor-column elementor-col-100 elementor-top-column elementor-element elementor-element-c8be628\" data-id=\"c8be628\" data-element_type=\"column\">\n\t\t\t<div class=\"elementor-widget-wrap elementor-element-populated\">\n\t\t\t\t\t\t<div class=\"elementor-element elementor-element-ad61e09 elementor-widget elementor-widget-spacer\" data-id=\"ad61e09\" data-element_type=\"widget\" data-widget_type=\"spacer.default\">\n\t\t\t\t\t\t\t<div class=\"elementor-spacer\">\n\t\t\t<div class=\"elementor-spacer-inner\"><\/div>\n\t\t<\/div>\n\t\t\t\t\t\t<\/div>\n\t\t\t\t<div class=\"elementor-element elementor-element-e947285 elementor-widget elementor-widget-heading\" data-id=\"e947285\" data-element_type=\"widget\" data-widget_type=\"heading.default\">\n\t\t\t\t\t<h1 class=\"elementor-heading-title elementor-size-default\">Sold<\/h1>\t\t\t\t<\/div>\n\t\t\t\t<div class=\"elementor-element elementor-element-1acd093 elementor-widget elementor-widget-spacer\" data-id=\"1acd093\" data-element_type=\"widget\" data-widget_type=\"spacer.default\">\n\t\t\t\t\t\t\t<div class=\"elementor-spacer\">\n\t\t\t<div class=\"elementor-spacer-inner\"><\/div>\n\t\t<\/div>\n\t\t\t\t\t\t<\/div>\n\t\t\t\t<div class=\"elementor-element elementor-element-5d67286 elementor-widget elementor-widget-spacer\" data-id=\"5d67286\" data-element_type=\"widget\" data-widget_type=\"spacer.default\">\n\t\t\t\t\t\t\t<div class=\"elementor-spacer\">\n\t\t\t<div class=\"elementor-spacer-inner\"><\/div>\n\t\t<\/div>\n\t\t\t\t\t\t<\/div>\n\t\t\t\t\t<\/div>\n\t\t<\/div>\n\t\t\t\t\t<\/div>\n\t\t<\/section>\n\t\t\t\t<\/div>\n\t\t","protected":false},"excerpt":{"rendered":"<p>Sprzedany Por\u00f3wnaj Sprzedane 6 Ford Mustang Fastback 2-drzwiowe coupe niebieski $43,000 2019 40,000 mil Automatyczny Diesel Nap\u0119d na tylne ko\u0142a Por\u00f3wnaj Sprzedane 6 Ferrari Portofino 2-drzwiowy kabriolet czerwony $14,400 2020 70,000 mil P\u00f3\u0142automatyczny Diesel AWD\/4WD Por\u00f3wnaj Sprzedane 6 BMW 6-serie GT 5-drzwiowy hatchback bia\u0142y $45,000 2021 P\u00f3\u0142automatyczny Benzyna Nap\u0119d na tylne ko\u0142a Por\u00f3wnaj Sprzedane 6 [&hellip;]<\/p>\n","protected":false},"author":1,"featured_media":0,"parent":0,"menu_order":0,"comment_status":"closed","ping_status":"closed","template":"","meta":{"_acf_changed":false,"footnotes":""},"class_list":["post-44824","page","type-page","status-publish","hentry"],"acf":[],"_links":{"self":[{"href":"https:\/\/muscarz.com\/pl\/wp-json\/wp\/v2\/pages\/44824","targetHints":{"allow":["GET"]}}],"collection":[{"href":"https:\/\/muscarz.com\/pl\/wp-json\/wp\/v2\/pages"}],"about":[{"href":"https:\/\/muscarz.com\/pl\/wp-json\/wp\/v2\/types\/page"}],"author":[{"embeddable":true,"href":"https:\/\/muscarz.com\/pl\/wp-json\/wp\/v2\/users\/1"}],"replies":[{"embeddable":true,"href":"https:\/\/muscarz.com\/pl\/wp-json\/wp\/v2\/comments?post=44824"}],"version-history":[{"count":0,"href":"https:\/\/muscarz.com\/pl\/wp-json\/wp\/v2\/pages\/44824\/revisions"}],"wp:attachment":[{"href":"https:\/\/muscarz.com\/pl\/wp-json\/wp\/v2\/media?parent=44824"}],"curies":[{"name":"wp","href":"https:\/\/api.w.org\/{rel}","templated":true}]}}