{"id":44718,"date":"2020-07-21T07:23:44","date_gmt":"2020-07-21T07:23:44","guid":{"rendered":"https:\/\/muscarz.com\/panel\/"},"modified":"2020-07-21T07:23:44","modified_gmt":"2020-07-21T07:23:44","slug":"panel","status":"publish","type":"page","link":"https:\/\/muscarz.com\/tr\/panel\/","title":{"rendered":"Panel"},"content":{"rendered":"\t\t<div data-elementor-type=\"wp-page\" data-elementor-id=\"44718\" class=\"elementor elementor-44718 elementor-12758\" data-elementor-post-type=\"page\">\n\t\t\t\t\t\t<section class=\"elementor-section elementor-top-section elementor-element elementor-element-33b17b0 elementor-section-full_width elementor-section-height-default elementor-section-height-default\" data-id=\"33b17b0\" data-element_type=\"section\">\n\t\t\t\t\t\t<div class=\"elementor-container elementor-column-gap-default\">\n\t\t\t\t\t<div class=\"elementor-column elementor-col-100 elementor-top-column elementor-element elementor-element-8a4c808\" data-id=\"8a4c808\" data-element_type=\"column\">\n\t\t\t<div class=\"elementor-widget-wrap elementor-element-populated\">\n\t\t\t\t\t\t<div class=\"elementor-element elementor-element-d14db8d elementor-widget elementor-widget-vehica_panel_general_widget\" data-id=\"d14db8d\" data-element_type=\"widget\" data-widget_type=\"vehica_panel_general_widget.default\">\n\t\t\t\t<div class=\"elementor-widget-container\">\n\t\t\t\t\t<div class=\"vehica-app vehica-panel\">\n\n    \n    <\/div>\t\t\t\t<\/div>\n\t\t\t\t<\/div>\n\t\t\t\t\t<\/div>\n\t\t<\/div>\n\t\t\t\t\t<\/div>\n\t\t<\/section>\n\t\t\t\t<section class=\"elementor-section elementor-top-section elementor-element elementor-element-8721935 elementor-section-boxed elementor-section-height-default elementor-section-height-default\" data-id=\"8721935\" data-element_type=\"section\">\n\t\t\t\t\t\t<div class=\"elementor-container elementor-column-gap-default\">\n\t\t\t\t\t<div class=\"elementor-column elementor-col-100 elementor-top-column elementor-element elementor-element-6e96d03\" data-id=\"6e96d03\" data-element_type=\"column\">\n\t\t\t<div class=\"elementor-widget-wrap elementor-element-populated\">\n\t\t\t\t\t\t<div class=\"elementor-element elementor-element-ba9d6aa elementor-widget elementor-widget-spacer\" data-id=\"ba9d6aa\" data-element_type=\"widget\" data-widget_type=\"spacer.default\">\n\t\t\t\t\t\t\t<div class=\"elementor-spacer\">\n\t\t\t<div class=\"elementor-spacer-inner\"><\/div>\n\t\t<\/div>\n\t\t\t\t\t\t<\/div>\n\t\t\t\t\t<\/div>\n\t\t<\/div>\n\t\t\t\t\t<\/div>\n\t\t<\/section>\n\t\t\t\t<\/div>\n\t\t","protected":false},"excerpt":{"rendered":"<p>Hesap Ara\u00e7 G\u00f6nder Ara\u00e7lar Favori Hesap \u00c7\u0131k\u0131\u015f Yap\u0131n Ara\u00e7 G\u00f6nder Ara\u00e7lar Hesap \u00c7\u0131k\u0131\u015f Yap\u0131n<\/p>\n","protected":false},"author":1,"featured_media":0,"parent":0,"menu_order":0,"comment_status":"closed","ping_status":"closed","template":"","meta":{"_acf_changed":false,"footnotes":""},"class_list":["post-44718","page","type-page","status-publish","hentry"],"acf":[],"_links":{"self":[{"href":"https:\/\/muscarz.com\/tr\/wp-json\/wp\/v2\/pages\/44718","targetHints":{"allow":["GET"]}}],"collection":[{"href":"https:\/\/muscarz.com\/tr\/wp-json\/wp\/v2\/pages"}],"about":[{"href":"https:\/\/muscarz.com\/tr\/wp-json\/wp\/v2\/types\/page"}],"author":[{"embeddable":true,"href":"https:\/\/muscarz.com\/tr\/wp-json\/wp\/v2\/users\/1"}],"replies":[{"embeddable":true,"href":"https:\/\/muscarz.com\/tr\/wp-json\/wp\/v2\/comments?post=44718"}],"version-history":[{"count":0,"href":"https:\/\/muscarz.com\/tr\/wp-json\/wp\/v2\/pages\/44718\/revisions"}],"wp:attachment":[{"href":"https:\/\/muscarz.com\/tr\/wp-json\/wp\/v2\/media?parent=44718"}],"curies":[{"name":"wp","href":"https:\/\/api.w.org\/{rel}","templated":true}]}}